{"id":393,"date":"2025-10-18T17:51:38","date_gmt":"2025-10-18T14:51:38","guid":{"rendered":"https:\/\/www.hidroserhidrolikpres.com\/home\/"},"modified":"2026-02-11T20:10:16","modified_gmt":"2026-02-11T17:10:16","slug":"home","status":"publish","type":"page","link":"https:\/\/www.hidroserhidrolikpres.com\/en\/","title":{"rendered":"Home"},"content":{"rendered":"\n<p>This is an example page. It&#8217;s different from a blog post because it will stay in one place and will show up in your site navigation (in most themes). Most people start with an About page that introduces them to potential site visitors. It might say something like this:   <\/p>\n\n<blockquote class=\"wp-block-quote is-layout-flow wp-block-quote-is-layout-flow\"><p>Hello there! I&#8217;m a bike messenger by day, aspiring actor by night, and this is my website. I live in Istanbul, have a great dog named B\u0131d\u0131k, and I like pi\u00f1a coladas. (And getting caught in the rain.)   <\/p><\/blockquote>\n\n<p>&#8230;or something like this:<\/p>\n\n<blockquote class=\"wp-block-quote is-layout-flow wp-block-quote-is-layout-flow\"><p>XYZ Company was founded in 1971 and has been producing quality products ever since. Located in Gotham City, XYZ employs over 2,000 people and does everything it can to make Gotham a better place to live. <\/p><\/blockquote>\n\n<p>Yeni bir WordPress kullan\u0131c\u0131s\u0131 olarak \u00f6ncelikle <a href=\"https:\/\/www.hidroserhidrolikpres.com\/wp-admin\/\">Ba\u015flang\u0131\u00e7 ekran\u0131na<\/a> gidip bu sayfay\u0131 silerek kendi sayfalar\u0131n\u0131z\u0131 olu\u015fturmal\u0131s\u0131n\u0131z. \u0130yi e\u011flenceler!<\/p>\n","protected":false},"excerpt":{"rendered":"<p>This is an example page. It&#8217;s different from a blog post because it will stay in one place and will show up in your site navigation (in most themes). Most people start with an About page that introduces them to potential site visitors. It might say something like this: Hello there! I&#8217;m a bike messenger [&hellip;]<\/p>\n","protected":false},"author":1,"featured_media":0,"parent":0,"menu_order":0,"comment_status":"closed","ping_status":"closed","template":"","meta":{"footnotes":""},"class_list":["post-393","page","type-page","status-publish","hentry"],"_links":{"self":[{"href":"https:\/\/www.hidroserhidrolikpres.com\/en\/wp-json\/wp\/v2\/pages\/393","targetHints":{"allow":["GET"]}}],"collection":[{"href":"https:\/\/www.hidroserhidrolikpres.com\/en\/wp-json\/wp\/v2\/pages"}],"about":[{"href":"https:\/\/www.hidroserhidrolikpres.com\/en\/wp-json\/wp\/v2\/types\/page"}],"author":[{"embeddable":true,"href":"https:\/\/www.hidroserhidrolikpres.com\/en\/wp-json\/wp\/v2\/users\/1"}],"replies":[{"embeddable":true,"href":"https:\/\/www.hidroserhidrolikpres.com\/en\/wp-json\/wp\/v2\/comments?post=393"}],"version-history":[{"count":2,"href":"https:\/\/www.hidroserhidrolikpres.com\/en\/wp-json\/wp\/v2\/pages\/393\/revisions"}],"predecessor-version":[{"id":604,"href":"https:\/\/www.hidroserhidrolikpres.com\/en\/wp-json\/wp\/v2\/pages\/393\/revisions\/604"}],"wp:attachment":[{"href":"https:\/\/www.hidroserhidrolikpres.com\/en\/wp-json\/wp\/v2\/media?parent=393"}],"curies":[{"name":"wp","href":"https:\/\/api.w.org\/{rel}","templated":true}]}}